{"id":333,"date":"2019-01-14T16:46:54","date_gmt":"2019-01-14T16:46:54","guid":{"rendered":"http:\/\/www.eclass.com\/pe\/?page_id=333"},"modified":"2019-01-14T16:46:54","modified_gmt":"2019-01-14T16:46:54","slug":"politicas-de-privacidad","status":"publish","type":"page","link":"https:\/\/www.eclass.com\/pe\/politicas-de-privacidad\/","title":{"rendered":"Pol\u00edticas de privacidad"},"content":{"rendered":"<p>eClass ha redactado las presentes Pol\u00edticas de Privacidad aplicables a su Sitio Web y plataformas que establecen las pr\u00e1cticas de eClass en cuanto a la recopilaci\u00f3n, uso y manejo de informaci\u00f3n de los Usuarios y\/o Alumnos, en adelante indistintamente llamados Usuario o Alumno, las recomendaciones de privacidad y seguridad sugeridas al Usuario, entre otros aspectos de uso del Sitio o de la Plataforma de estudio que a continuaci\u00f3n se indican. Recomendamos al Usuario que lea estas Pol\u00edticas de Privacidad antes de acceder al Sitio Web. El acceder o utilizar el Sitio Web implica conformidad con sus Pol\u00edticas de Privacidad.<\/p>\n<h3>1. INFORMACI\u00d3N DEL USUARIO<\/h3>\n<p><strong>1.1. ASPECTOS GENERALES<\/strong><\/p>\n<ol>\n<li>eClass solicitar\u00e1 informaci\u00f3n al Usuario al momento de realizar el proceso de admisi\u00f3n en alguna de las plataformas. La informaci\u00f3n m\u00ednima solicitada y de car\u00e1cter obligatorio para ser Alumno incluye nombre, apellidos, email, documento de identificaci\u00f3n, direcci\u00f3n, nivel educacional y tel\u00e9fono.<\/li>\n<li>eClass generar\u00e1 una contrase\u00f1a aleatoria para cada uno de los usuarios, la que ser\u00e1 enviada mediante correo electr\u00f3nico a la direcci\u00f3n proporcionada por el usuario luego de haber completado el proceso de admisi\u00f3n de la actividad de formaci\u00f3n seleccionada.<\/li>\n<li>El Perfil del Alumno se crea a partir de informaci\u00f3n obligatoria y de informaci\u00f3n opcional.<\/li>\n<li>eClass solicitar\u00e1 al Alumno cierta informaci\u00f3n obligatoria adicional a la proporcionada durante el proceso de admisi\u00f3n la primera vez que el Alumno ingresa a la Plataforma. El Alumno como m\u00ednimo deber\u00e1 completar o confirmar en el formulario la siguiente informaci\u00f3n: nacionalidad, nombre completo, documento de identificaci\u00f3n, sexo, fecha de nacimiento, email, contrase\u00f1a, direcci\u00f3n, tel\u00e9fono de contacto, antecedentes laborales, y nivel educacional, adem\u00e1s de establecer el tipo de informaci\u00f3n que quiere recibir de eClass. A su vez, el alumno deber\u00e1 leer y aceptar el cumplimiento de ciertos requisitos m\u00ednimos, los cuales se encuentran establecidos en los T\u00e9rminos y Condiciones del programa que se encuentra estudiando.<\/li>\n<li>Respecto de la informaci\u00f3n adicional no obligatoria, el Alumno decidir\u00e1 cu\u00e1nta informaci\u00f3n suministrar a eClass y, a su vez, el Alumno decidir\u00e1 si \u00e9sta se hace p\u00fablica en la Plataforma o si mantiene como privada. El Alumno comprende que la acci\u00f3n de publicar su informaci\u00f3n es realizada a su propio riesgo y bajo su propia responsabilidad.<\/li>\n<li>eClass se reserva el derecho de eliminar cualquier informaci\u00f3n publicada por el Usuario y\/o Alumno que eClass considere como ofensiva, discriminatoria, de acoso, denigratoria, difamatoria, amenazante, obscena, pornogr\u00e1fica o cualquier informaci\u00f3n que abiertamente atente contra la moral, las buenas costumbres o el orden p\u00fablico; o que eClass estime a su solo arbitrio como innecesaria para los fines del Sitio.<\/li>\n<li>Si el Usuario desea obtener ayuda de eClass previo a su registro como Alumno, puede contactarse a trav\u00e9s de la secci\u00f3n Contacto del Sitio, enviar un email a alguna de las eClass \u2013 Pol\u00edticas de Privacidad 2018 direcciones publicadas en las plataformas o utilizar cualquier otro medio v\u00e1lido y utilizado por eClass.<\/li>\n<li>En caso de que el Usuario proporcione datos inexactos y\/o ambiguos, no podr\u00e1 solicitar respuesta a su solicitud, consulta o queja, ni podr\u00e1 recibir informaci\u00f3n alguna por parte de eClass. No nos hacemos responsables por las consecuencias que deriven de la inexactitud de los datos por los Usuarios al Sitio Web. Ser\u00e1 de exclusiva responsabilidad del Usuario la veracidad de los datos personales insertos en el Sitio Web.<\/li>\n<\/ol>\n<p><strong>1.2. OBTENCI\u00d3N DE INFORMACI\u00d3N DEL USUARIO<\/strong>. eClass podr\u00e1 obtener informaci\u00f3n del Usuario y\/o Alumno de manera directa de \u00e9ste al momento del registro en el Sitio o Plataforma y\/o cuando \u00e9ste realiza consultas a trav\u00e9s de la Secci\u00f3n Contacto del Sitio, adem\u00e1s de alguno de los correos o medios electr\u00f3nicos definidos por eClass. eClass recolectar\u00e1 informaci\u00f3n del Usuario y\/o Alumno peri\u00f3dicamente, cada vez que el Alumno actualice su informaci\u00f3n personal en su Perfil de Alumno, cuando agregue alguna conexi\u00f3n social y cada vez que \u00e9ste se contacte con eClass. eClass, a su vez, podr\u00e1 obtener informaci\u00f3n del Usuario y\/o Alumno a trav\u00e9s de fuentes externas, por ejemplo Certificadores Acad\u00e9micos, empresas contratantes de los servicios educacionales, para poder ofrecer al Usuario los servicios que \u00e9ste solicita mediante cualquier medio utilizado por eClass. El Usuario y\/o Alumno comprende que eClass podr\u00e1 establecer en el futuro nuevos mecanismos para obtener informaci\u00f3n del Alumno, de manera que los Alumnos cuenten con la mayor cantidad de informaci\u00f3n posible, lo que contribuye a una toma de decisiones de capacitaci\u00f3n m\u00e1s informada y responsable. eClass asume que terceros que entregan informaci\u00f3n personal cuentan con la autorizaci\u00f3n necesaria para entregar dicha informaci\u00f3n, no cabi\u00e9ndole ninguna responsabilidad con respecto a ese proceso de transferencia o recolecci\u00f3n.<\/p>\n<p><strong>1.3. ACCESO Y MODIFICACI\u00d3N DE INFORMACI\u00d3N DISPONIBLE EN EL SITIO.<\/strong> eClass entregar\u00e1 al Alumno acceso a los documentos relativos a los servicios utilizados en eClass e informaci\u00f3n relativa a sus actividades de capacitaci\u00f3n en la Plataforma. El Alumno podr\u00e1 revisar su informaci\u00f3n personal en cualquier momento, disponible en la secci\u00f3n \u201cPerfil\u201d de las plataformas. El Alumno podr\u00e1 actualizar su informaci\u00f3n personal en su Perfil cuantas veces lo desee. En caso que una persona no sea Alumno y requiera modificar su informaci\u00f3n de contacto entregada a trav\u00e9s de cualquier medio, deber\u00e1 escribir un email a la direcci\u00f3n datospersonales@eclass.com, manifestando su requerimiento. En este requerimiento debe incluir nombre completo y datos que desea modificar, y debe ser realizado desde el mismo correo electr\u00f3nico que eClass tiene registrado<\/p>\n<h3>2. USO DE LA INFORMACI\u00d3N DEL USUARIO<\/h3>\n<p>eClass utilizar\u00e1 la informaci\u00f3n del Usuario para facilitar las interacciones que ocurren en el Sitio, Aplicaciones o Plataforma de estudio. Esto incluye, entre otras acciones:<\/p>\n<ol>\n<li>Utilizar datos agregados para realizar perfilamiento y an\u00e1lisis estad\u00edstico, orientados a mejorar los productos y servicios.<\/li>\n<li>Comunicarse y coordinarse con las entidades certificadoras, empresas contratantes y proveedores de eClass para facilitar procesos de seguimiento, almacenamiento y otros servicios, de manera de hacer que los procesos derivados del proceso de aprendizaje sean lo m\u00e1s eficientes y efectivos posibles.<\/li>\n<li>Asistir a los miembros de eClass para concretar los servicios de capacitaci\u00f3n de manera exitosa, incluyendo el suministro de servicios de inscripci\u00f3n, seguimiento, graduaci\u00f3n y validaci\u00f3n en el proceso de estudio.<\/li>\n<li>Enviar informaci\u00f3n de programas eClass relevantes al usuario de acuerdo a su perfil y preferencias de estudio.<\/li>\n<\/ol>\n<h3>3. RECOMENDACIONES DE SEGURIDAD AL USUARIO<\/h3>\n<p><strong>3.1. NOMBRE DE USUARIO.<\/strong> El nombre del usuario en eClass es entregado por el Alumno o empresas contratantes al momento de realizar el proceso de admisi\u00f3n o inscripci\u00f3n en alguna de sus plataformas, generalmente como nombre de usuario se utiliza el documento de identificaci\u00f3n.<\/p>\n<p><strong>3.2. INFORMACI\u00d3N DE IDENTIFICACI\u00d3N PERSONAL.<\/strong> En el Perfil p\u00fablico del Alumno nunca aparecer\u00e1 en forma visible el documento de identificaci\u00f3n del Alumno, y toda informaci\u00f3n con excepci\u00f3n del nombre y apellidos es privada por defecto. Si el Alumno publicara dicha informaci\u00f3n en los campos de texto libre con que cuenta su Perfil, el Alumno comprende que realiza dicha acci\u00f3n a su propio riesgo y bajo su propia responsabilidad. Sin perjuicio de lo anterior, eClass podr\u00e1 desactivar la Cuenta del Alumno en cualquier de sus plataformas si identifica que se encuentra realizando acciones que podr\u00edan atentar contra su seguridad. A su vez, eClass recomienda al Alumno proteger su Nombre de Usuario y Contrase\u00f1a, manteni\u00e9ndolas siempre en privado y no compartiendo dicha informaci\u00f3n, la cual siempre debe ser manejada en forma personal y privada. El Nombre de Usuario y Contrase\u00f1a, requeridos para autentificarse en las plataformas de eClass son intrasferibles, y siempre deber\u00e1n ser de uso exclusivo del titular de la Cuenta de Alumno.<\/p>\n<p><strong>3.3. CONTRASE\u00d1A.<\/strong> Por seguridad, se recomienda al Alumno cambiar su Contrase\u00f1a con frecuencia. El Alumno no deber\u00e1 compartir su Contrase\u00f1a con terceros, pues \u00e9sta es de uso exclusivo del titular de la Cuenta del Alumno. Si el Alumno comparte su Nombre de Usuario y Contrase\u00f1a con terceros, el Alumno comprende que esta acci\u00f3n es realizada a su propio riesgo y bajo su propia responsabilidad. eClass proveer\u00e1 mecanismos para que el Alumno recupere su Contrase\u00f1a en caso que la haya olvidado. eClass nunca solicitar\u00e1 al Alumno su Contrase\u00f1a a trav\u00e9s de ning\u00fan medio de comunicaci\u00f3n, que no sea al momento de su autentificaci\u00f3n en alguna de las plataformas de estudio, procesos de inscripci\u00f3n o comunidades.<\/p>\n<p><strong>3.4. PLATAFORMA DE ESTUDIO.<\/strong> Se recomienda al Alumno ingresar a eClass \u00fanicamente a trav\u00e9s de las urls informadas dentro del proceso de admisi\u00f3n de los diferentes programas. eClass podr\u00e1 contener en su Sitio links o v\u00ednculos a sitios, plug-ins o aplicaciones de terceros, que no tienen relaci\u00f3n con eClass y que no se rigen por las presentes Pol\u00edticas de Privacidad. Por tanto, eClass recomienda al Alumno revisar las pol\u00edticas de privacidad y\/o seguridad de este tipo de sitios, plug-ins o aplicaciones antes de entregar cualquier informaci\u00f3n personal requerida por los mismos. eClass no se hace responsable por la informaci\u00f3n entregada por los Alumnos en dichos sitios ni del uso que \u00e9stos hagan con tal informaci\u00f3n.<\/p>\n<h3>4. CUENTA PERSONAL EN ECLASS Y RESGUARDO DE INFORMACI\u00d3N PERSONAL<\/h3>\n<p><strong>4.1. CUENTA DE ALUMNO Y PRIVACIDAD DE LA INFORMACI\u00d3N.<\/strong> Cada Alumno en eClass tendr\u00e1 su propia Cuenta de Usuario, a la que accede una vez que se autentifica en el Sitio o Plataforma, ingresando su nombre de usuario y contrase\u00f1a. El Usuario tendr\u00e1 un Perfil de Alumno, donde podr\u00e1 publicar informaci\u00f3n sobre s\u00ed mismo. En el Perfil de Alumno, cada Alumno decidir\u00e1 qu\u00e9 informaci\u00f3n hacer visible para otros usuarios y qu\u00e9 informaci\u00f3n mantener de forma privada. eClass se reserva el derecho de restringir ciertos campos que nunca podr\u00e1n ser visibles para otros Alumnos.<\/p>\n<p><strong>4.2. ACTIVIDAD SOCIAL.<\/strong> Al participar de las actividades sociales de la plataforma, el Alumno comprende que estas actividades contendr\u00e1n informaci\u00f3n b\u00e1sica y m\u00ednima del Alumno, junto a informaci\u00f3n optativa que el Alumno desee compartir. El Alumno comprende que esta acci\u00f3n es realizada a su propio riesgo y bajo su propia responsabilidad.<\/p>\n<p><strong>4.3. USO DE SERVICIOS.<\/strong> Al participar de la plataforma de estudio, es responsabilidad del Alumno hacer buen uso del mismo. eClass no es responsable de moderar o controlar cualquier tipo de actividad generada por los alumnos a trav\u00e9s de las herramientas de interacci\u00f3n que se proporcionan en la Plataforma o en el Sitio tanto online y offline, como relaciones de cualquier \u00edndole, archivos publicados, noticias corporativas, avisos, comentarios, entre otros. Es posible que conservemos la informaci\u00f3n que usted divulgue. Tal informaci\u00f3n ser\u00e1 usada de acuerdo a estas Pol\u00edticas de Privacidad. eClass se reserva el derecho de deshabilitar cuentas de usuario que vulneren las actuales Pol\u00edticas. Por favor, considere que nosotros no podemos ser responsables por el uso que terceros den a la informaci\u00f3n personal que usted comparta con dichos terceros en cualquier sala de interacci\u00f3n, tableros de avisos, grupo de noticias, etc. de este Sitio. Tenga cuidado con la informaci\u00f3n personal que usted divulgue.<\/p>\n<h3>5. INFORMACI\u00d3N P\u00daBLICA DE LOS USUARIOS<\/h3>\n<p><strong>5.1. ASPECTOS GENERALES.<\/strong> Dado que el Sitio y\/o plataforma est\u00e1 orientado a la realizaci\u00f3n de actividades de capacitaci\u00f3n y a la formaci\u00f3n de comunidades de personas, es importante que los Alumnos que participan en ellas posean la informaci\u00f3n suficiente sobre otros Alumnos, de manera de poder generar relaciones y facilitar los entornos de aprendizaje, contando con la mejor informaci\u00f3n posible. El Alumno podr\u00e1 entregar a eClass tanta informaci\u00f3n como \u00e9ste estime necesario, conveniente y apropiado entregar.<\/p>\n<p><strong>5.2. COMPARTIR INFORMACI\u00d3N.<\/strong> El compartir la informaci\u00f3n suministrada por el Alumno a eClass con otros Alumno de la Plataforma, es una elecci\u00f3n personal del Alumno y es una acci\u00f3n realizada a su propio riesgo y bajo su propia responsabilidad. eClass compartir\u00e1 la informaci\u00f3n de los Usuarios y\/o Alumnos en los siguientes casos:<\/p>\n<ol>\n<li>Los Alumnos podr\u00e1n acceder a la informaci\u00f3n de otros Usuarios s\u00f3lo cuando estos hayan elegido que se haga p\u00fablica su informaci\u00f3n para otros Usuarios.<\/li>\n<li>eClass compartir\u00e1 cierta informaci\u00f3n del Alumno con terceros que est\u00e1n relacionados con el servicio que el Alumno ha utilizado \u2013 por ejemplo Certificadores Acad\u00e9micos de los programas -, as\u00ed como con terceros que son proveedores de eClass \u2013 por ejemplo empresas enviadoras de emails masivos u otras \u2013 con el fin de proveer un mejor servicio al Usuario.<\/li>\n<li>eClass entregar\u00e1 la informaci\u00f3n del Alumno de acuerdo a lo permitido y\/o requerido por ley o por entidades judiciales y\/o fiscalizadoras que requieran dicha informaci\u00f3n de eClass.<\/li>\n<li>eClass no vender\u00e1 ni arrendar\u00e1 la informaci\u00f3n suministrada por el Alumno a eClass a terceros con fines publicitarios y\/o comerciales.<\/li>\n<\/ol>\n<h3>6. PROTECCI\u00d3N DE LA INFORMACI\u00d3N DEL USUARIO<\/h3>\n<p><strong>6.1. ASPECTOS TECNOL\u00d3GICOS.<\/strong> eClass utiliza mecanismos f\u00edsicos y electr\u00f3nicos, adem\u00e1s de procedimientos y pr\u00e1cticas que buscan salvaguardar la informaci\u00f3n de los Alumnos. Dentro de estos mecanismos, eClass utiliza tecnolog\u00eda de encriptaci\u00f3n de datos u otras tecnolog\u00edas para proteger la informaci\u00f3n que el Alumno suministra en el Sitio y que es guardada en las bases de datos de eClass. eClass utiliza firewalls y otras tecnolog\u00edas con fines de seguridad para proteger los servidores de ataques y\/o hackeos de terceros. eClass realiza pruebas de seguridad con frecuencia de manera de asegurar un ambiente lo m\u00e1s seguro posible para sus Alumnos.<\/p>\n<p><strong>6.2. ALMACENAMIENTO DE LA INFORMACI\u00d3N.<\/strong> eClass guarda en sus bases de datos la informaci\u00f3n obtenida a trav\u00e9s del Sitio, plataformas y a trav\u00e9s de otros mecanismos de recolecci\u00f3n de datos de sus Alumnos, con el fin de proveer un adecuado servicio, asegurar la integridad de la informaci\u00f3n y prevenir fraudes de terceros.<\/p>\n<p><strong>6.3. AMBIENTE PROTEGIDO.<\/strong> eClass provee certificados SSL (Secure Sockets Layer) de seguridad en todas sus plataformas. De esta manera busca asegurar que la transferencia de informaci\u00f3n entre cliente y servidor se encuentre encriptada. eClass no puede asegurar que la transmisici\u00f3n de informaci\u00f3n no este siendo interceptada por alg\u00fan medio externo aplicado en la conexi\u00f3n entre cliente y servidor. Sin perjuicio de lo se\u00f1alado en los puntos anteriores, el Alumno comprende que las medidas de seguridad en Internet no son inexpugnables. eClass no se har\u00e1 responsable de la protecci\u00f3n de la informaci\u00f3n en caso de cualquier evento de caso fortuito, fuerza mayor, acciones ilegales, atentados terroristas y cualquier filtraci\u00f3n o corrupci\u00f3n de archivos realizados por terceras personas que ingresaren il\u00edcitamente a los sistemas, y que no sean imputables a culpa o negligencia de eClass. Se entiende por acciones ilegales a todas\u00a0aquellas acciones que las comisiones, agencias o departamentos de delitos inform\u00e1ticos nacionales e internacionales definan como ilegales.<\/p>\n<h3>7. OPCIONES RESPECTO A LAS COMUNICACIONES GENERADAS EN EL SITIO<\/h3>\n<p>eClass enviar\u00e1 notificaciones al Alumno a sus tel\u00e9fonos, email y\/o a trav\u00e9s de mensajer\u00eda interna de la Plataforma, notificaciones que se encuentran relacionadas con el uso de los servicios ofrecidos en eClass. eClass se reserva el derecho a no enviar todas las comunicaciones y\/o notificaciones al Alumno por email. eClass podr\u00e1 comunicar cierta informaci\u00f3n \u00fanicamente a trav\u00e9s de mensajer\u00eda interna de la Plataforma, u otros medios diferentes al correo electr\u00f3nico, de acuerdo a su propio criterio. eClass podr\u00e1 enviar comunicaciones de car\u00e1cter informativo comercial relevantes para sus alumnos, en caso que estos lo hayan aprobado expresamente a trav\u00e9s de su perfil.<\/p>\n<h3>8. USO DE COOKIES Y \u201cWEB BEACONS\u201d<\/h3>\n<p><strong>8.1. DEFINICI\u00d3N.<\/strong> Una cookie HTTP, que se denomina habitualmente \u00abcookie\u00bb, es un fragmento de texto que se env\u00eda y recibe entre el navegador web y el servidor al que accede. Su finalidad original era ofrecer un mecanismo de administraci\u00f3n de estado entre un navegador web y un servidor. Sin una cookie (o una soluci\u00f3n similar), un servidor web no puede diferenciar entre los distintos usuarios ni determinar ninguna relaci\u00f3n entre las visitas de p\u00e1ginas secuenciales efectuadas por el mismo usuario. Por este motivo, las cookies se usan para diferenciar un usuario de otro y para pasar informaci\u00f3n de una p\u00e1gina a otra durante una sesi\u00f3n de sitio web de un \u00fanico usuario. Un servidor web usa las cookies para recopilar datos acerca de un determinado navegador, junto con la informaci\u00f3n solicitada y enviada por el operador (el visitante) del navegador. Las cookies no identifican a las personas, sino que se definen a s\u00ed mismas mediante una combinaci\u00f3n de equipo, cuenta de usuario y navegador.<\/p>\n<p><strong>8.2. COOKIES ECLASS.<\/strong> Cuando el usuario visita eClass, la direcci\u00f3n IP usada para acceder al Sitio, quedar\u00e1 almacenada junto con la fecha y hora del acceso. La informaci\u00f3n solamente es usada para analizar tendencias, administrar el sitio, seguir la navegaci\u00f3n de de los usuarios y recolectar informaci\u00f3n demogr\u00e1fica agregada para uso interno.<\/p>\n<p><strong>8.3. USO DE COOKIES EN ECLASS.<\/strong> eClass usa cookies cuando el alumno ingresa al Sitio, al momento de generar una sesi\u00f3n. La cookie permite mantener el seguimiento, la navegaci\u00f3n y la seguridad por el tiempo de uso de esta sesi\u00f3n. En esta cookie se incluyen algunos identificadores de sesi\u00f3n para asegurar que s\u00f3lo el Alumno es quien realice cambios en su cuenta. Tambi\u00e9n se utilizan cookies para realizar seguimiento de la actividad de la Cuenta como un Usuario \u00danico. Toda esta informaci\u00f3n es almacenada en forma encriptada por motivos de seguridad, no almacenando ninguna informaci\u00f3n personal del Usuario en la cookie. eClass usa una cookie como ID de sesi\u00f3n para hacer m\u00e1s f\u00e1cil la navegaci\u00f3n por la Plataforma. La cookie de sesi\u00f3n expira cuando se cierra el navegador. Todo usuario puede remover esta cookie siguiendo las instrucciones provistas por su respectivo\u00a0navegador de Internet en la secci\u00f3n \u00abAyuda\u00bb; sin embargo, dado que eClass usa las cookies para la funcionalidad de Autentificaci\u00f3n, si el Alumno escoge la opci\u00f3n de \u201cdeshabilitar las cookies\u201d, no ser\u00e1 posible que el Alumno ingrese a la plataforma de eClass.<\/p>\n<p><strong>8.4. GOOGLE ANALYTICS COOKIE.<\/strong> eClass usa a Google como proveedor de servicios de anal\u00edtica Web. Google usa las cookies para definir sesiones de usuario, as\u00ed como para proporcionar una serie de funciones clave en los informes de Google Analytics. Google Analytics establece o actualiza las cookies solo para recopilar los datos necesarios para los informes. Adem\u00e1s, Google Analytics usa \u00fanicamente cookies de origen. Esto significa que todas las cookies establecidas por Google Analytics para el dominio del Usuario env\u00edan datos \u00fanicamente a los servidores del dominio del Usuario. De este modo, las cookies de Google Analytics se convierten en propiedad personal del dominio del Usuario del Sitio web y los datos no los puede modificar ni recuperar ning\u00fan servicio en otro dominio. Para m\u00e1s informaci\u00f3n sobre las pol\u00edticas de Google Analytics, visitar la p\u00e1gina http:\/\/www.google.com\/intl\/en\/policies\/technologies\/ads\/<\/p>\n<h3>9. CONTACTO<\/h3>\n<p>Las comunicaciones que el Alumno y\/o Usuario deba o quiera dirigir a eClass, se efectuar\u00e1n por correo electr\u00f3nico dirigido al correo de contacto identificado en cada p\u00e1gina web o plataforma de estudio de eClass o bien a trav\u00e9s de sus respectivas secciones de Contacto u otro medio proporcionado por eClass como parte de la actividad de capacitaci\u00f3n. Las comunicaciones que eClass deba o quiera dirigir al Usuario, se efectuar\u00e1n por correo electr\u00f3nico dirigido a la direcci\u00f3n electr\u00f3nica designada por el Usuario en el Proceso de Registro en la Plataforma, o a trav\u00e9s de otros medios seleccionados por el usuario y\/o eClass como v\u00e1lidos.<\/p>\n<h3>10. ACTUALIZACI\u00d3N DE LAS POL\u00cdTICAS DE PRIVACIDAD<\/h3>\n<p>eClass se reserva el derecho de realizar las modificaciones que estime pertinentes en estas Pol\u00edticas de Privacidad. Le recomendamos revisar con frecuencia esta p\u00e1gina, ya que el uso del Sitio Web tras cualquier modificaci\u00f3n que se lleve a cabo en las presentes Pol\u00edticas de Privacidad del Sitio Web constituye la aceptaci\u00f3n de tales cambios.<\/p>\n<h3>11. TERMINACI\u00d3N<\/h3>\n<p>Usted acepta que eClass puede en determinadas circunstancias y sin necesidad de notificaci\u00f3n previa cancelar y terminar inmediatamente su posibilidad de acceso al Sitio Web y\/o plataformas.<\/p>\n<h3>12. LEYES APLICABLES<\/h3>\n<p>Las presentes Pol\u00edticas de Privacidad del Sitio Web est\u00e1n sujetas a las leyes de la Rep\u00fablica de Chile, excluyendo cualquier otra norma o jurisdicci\u00f3n aplicable. Cualquier controversia que surja con relaci\u00f3n a estas Pol\u00edticas o su aplicaci\u00f3n se someter\u00e1 a los Tribunales ordinarios en lo Civil con asiento en la Ciudad de Santiago.<\/p>\n","protected":false},"excerpt":{"rendered":"<p>eClass ha redactado las presentes Pol\u00edticas de Privacidad aplicables a su Sitio Web y plataformas que establecen las pr\u00e1cticas de eClass en cuanto a la recopilaci\u00f3n, uso y manejo de informaci\u00f3n de los Usuarios y\/o Alumnos, en adelante indistintamente llamados Usuario o Alumno, las recomendaciones de privacidad y seguridad sugeridas al Usuario, entre otros aspectos &hellip; <a href=\"https:\/\/www.eclass.com\/pe\/politicas-de-privacidad\/\">Continued<\/a><\/p>\n","protected":false},"author":2,"featured_media":0,"parent":0,"menu_order":0,"comment_status":"closed","ping_status":"closed","template":"politicas.php","meta":{"_acf_changed":false,"footnotes":""},"class_list":["post-333","page","type-page","status-publish","hentry"],"acf":[],"_links":{"self":[{"href":"https:\/\/www.eclass.com\/pe\/wp-json\/wp\/v2\/pages\/333","targetHints":{"allow":["GET"]}}],"collection":[{"href":"https:\/\/www.eclass.com\/pe\/wp-json\/wp\/v2\/pages"}],"about":[{"href":"https:\/\/www.eclass.com\/pe\/wp-json\/wp\/v2\/types\/page"}],"author":[{"embeddable":true,"href":"https:\/\/www.eclass.com\/pe\/wp-json\/wp\/v2\/users\/2"}],"replies":[{"embeddable":true,"href":"https:\/\/www.eclass.com\/pe\/wp-json\/wp\/v2\/comments?post=333"}],"version-history":[{"count":1,"href":"https:\/\/www.eclass.com\/pe\/wp-json\/wp\/v2\/pages\/333\/revisions"}],"predecessor-version":[{"id":334,"href":"https:\/\/www.eclass.com\/pe\/wp-json\/wp\/v2\/pages\/333\/revisions\/334"}],"wp:attachment":[{"href":"https:\/\/www.eclass.com\/pe\/wp-json\/wp\/v2\/media?parent=333"}],"curies":[{"name":"wp","href":"https:\/\/api.w.org\/{rel}","templated":true}]}}