{"id":156,"date":"2019-01-11T18:00:59","date_gmt":"2019-01-11T18:00:59","guid":{"rendered":"http:\/\/www.eclass.com\/pe\/?page_id=156"},"modified":"2025-06-25T17:17:37","modified_gmt":"2025-06-25T17:17:37","slug":"home","status":"publish","type":"page","link":"https:\/\/www.eclass.com\/pe\/","title":{"rendered":"eClass"},"content":{"rendered":"","protected":false},"excerpt":{"rendered":"","protected":false},"author":2,"featured_media":0,"parent":0,"menu_order":0,"comment_status":"closed","ping_status":"closed","template":"template-home-2023.php","meta":{"_acf_changed":false,"footnotes":""},"class_list":["post-156","page","type-page","status-publish","hentry"],"acf":{"bh_imagen":"https:\/\/www.eclass.com\/pe\/wp-content\/uploads\/sites\/3\/2023\/07\/banner-eclass-mobile.jpg","bh_video":"https:\/\/www.eclass.com\/pe\/wp-content\/uploads\/sites\/3\/2023\/07\/Banner_campana_eClass_2023_FINAL_baja.mp4","bh_titulo":"ESTE A\u00d1O INVIERTO EN<\/br>MI FUTURO PROFESIONAL","bh_subtitulo":"Aprende online las habilidades y conocimientos<\/br>valorados por el mercado laboral hoy en d\u00eda","bh_boton_url":"http:\/\/www.eclass.com\/pe\/sobre-eclass","bh_boton_texto":"\u00bfQU\u00c9 ES ECLASS?","bh_texto_color":"#ffffff","btn_texto":"Cont\u00e1ctate con nosotros","btn_url":"","btn_icono":"","btn_outline":true,"btn_modal":"Contacto","tt_texto":"<p><strong>\u00bfQU\u00c9 TE GUSTAR\u00cdA ESTUDIAR?<\/strong>PERFECCI\u00d3NATE CON LA EXCELENCIA QUE NECESITAS<\/p>\n","titulo2":{"tt_texto":"<p><strong>\u00bfQU\u00c9 TEM\u00c1TICA BUSCAS?<\/strong><\/p>\n"},"li_institucion":[{"logo":1185,"nombre":"CURSOS DE INGL\u00c9S","descripcion":"certificados por eClass Academy","enlace":"http:\/\/www.eclass.com\/pe\/institucion\/ingles\/","categoria":{"term_id":4,"name":"Ingl\u00e9s","slug":"eclass-academy-ingles","term_group":0,"term_taxonomy_id":4,"taxonomy":"custom_cat_institucion","description":"","parent":0,"count":10,"filter":"raw"}},{"logo":1185,"nombre":"PROGRAMAS DE NEGOCIOS Y TENDENCIAS DIGITALES","descripcion":"certificados por eClass Academy","enlace":"https:\/\/www.eclass.com\/pe\/institucion\/eclass-especializacion\/","categoria":{"term_id":10,"name":"eClass Especializaci\u00f3n","slug":"eclass-especializacion","term_group":0,"term_taxonomy_id":10,"taxonomy":"custom_cat_institucion","description":"","parent":0,"count":4,"filter":"raw"}},{"logo":1667,"nombre":"CURSOS GRATUITOS OPEN ECLASS","descripcion":"Cursos gratuitos 100% online","enlace":"https:\/\/www.eclass.com\/pe\/institucion\/open-eclass\/","categoria":{"term_id":16,"name":"Open eClass","slug":"open-eclass","term_group":0,"term_taxonomy_id":16,"taxonomy":"custom_cat_institucion","description":"","parent":0,"count":4,"filter":"raw"}}],"li_mas":false,"titulo3":{"tt_texto":"<p><strong>INSP\u00cdRATE CON NUESTRO BLOG<\/strong><small>ART\u00cdCULOS M\u00c1S RECIENTES<\/small><\/p>\n"},"columna_contenido":[{"acf_fc_layout":"imagen","bg_imagen":[{"imagen":301873},{"imagen":301875},{"imagen":301874},{"imagen":301880},{"imagen":2258}]},{"acf_fc_layout":"texto","titulo":"<p>LA EXPERIENCIA QUE NECESITAS PARA LOGRAR ESE IMPACTO REAL EN TU ORGANIZACI\u00d3N<strong> CONOCE ECLASS CORPORATE<\/strong><\/p>\n","subtitulo":"","texto":"<p><strong>Las personas de tu equipo son el motor que impulsa el \u00e9xito de tu empresa. <\/strong> Enf\u00f3cate en capacitarlos seg\u00fan sus propias necesidades, comprendiendo sus diferentes habilidades y perfiles. <\/br><\/br>En eClass Corporate tenemos 20 a\u00f1os de experiencia entregando capacitaci\u00f3n en m\u00faltiples \u00e1reas. Junto a nuestro equipo, crea un plan de formaci\u00f3n adaptado a tus objetivos organizacionales, aportando bienestar y desarrollo profesional a todos tus colaboradores.<\/p>\n","btncol_texto":"CAPACITACI\u00d3N PARA EMPRESAS","btncol_url":"https:\/\/www.eclass.com\/pe\/empresas\/programas-de-capacitacion\/","btncol_icono":"","btncol_outline":true,"btn_modal":"Contacto","btn_descarga":""}],"columna_invertir":true,"contenido2":{"columna_contenido":false,"columna_invertir":false},"contenido3":{"columna_contenido":[{"acf_fc_layout":"imagen","bg_imagen":[{"imagen":301858}]},{"acf_fc_layout":"texto","titulo":"<p>MEJORA TUS HABILIDADES PROFESIONALES EN 10 D\u00cdAS. <strong>\u00a1DESCARGA LA GU\u00cdA!<\/strong><\/p>\n","subtitulo":"","texto":"<p>En esta gu\u00eda encontrar\u00e1s actividades pr\u00e1cticas para mejorar tus habilidades de: Liderazgo, Comunicaci\u00f3n, Anal\u00edtica y datos para el trabajo y Creaci\u00f3n de redes de contacto y marca personal.<\/p>\n<p><strong>En eClass queremos entregarte nuevas herramientas para tu futuro profesional.<\/strong> Con este contenido aprender\u00e1s, encontrar\u00e1s ejercicios y tendr\u00e1s listas de actividades diarias para seguir el progreso y mantenerte alineado con tus objetivos laborales.<\/p>\n","btncol_texto":"\u00a1DESC\u00c1RGALA GRATIS!","btncol_url":"https:\/\/demo.etechnologies.cl\/Inbound\/GamePlanAcademy\/guia-kit-habilidades-profesionales-academy.pdf","btncol_icono":"","btncol_outline":true,"btn_modal":"","btn_descarga":""},{"acf_fc_layout":"imagen","bg_imagen":[{"imagen":301879},{"imagen":301877},{"imagen":301872},{"imagen":2057},{"imagen":301878}]},{"acf_fc_layout":"texto","titulo":"<p>EN ECLASS TRABAJAMOS CON<\/br><strong>NUESTRO PROP\u00d3SITO EN EL CORAZ\u00d3N<\/strong><\/p>\n","subtitulo":"","texto":"<p>Somos una empresa EdTech que lleva 20 a\u00f1os aportando al mundo de la educaci\u00f3n. En este tiempo nos hemos dado cuenta del <strong>valor que tiene la colaboraci\u00f3n,  horizontalidad y el desarrollo de liderazgos potentes<\/strong> que nos permitan avanzar en los proyectos de forma \u00e1gil y eficiente.<\/br><\/br>Nos llena de orgullo lo que hacemos ya que sabemos que la educaci\u00f3n es uno de los pilares m\u00e1s importantes de la sociedad y trabajamos d\u00eda a d\u00eda para hacer realidad nuestro sue\u00f1o: <strong>ser una alternativa concreta de aprendizaje y actualizaci\u00f3n para quienes lo necesiten.<\/strong><\/p>\n","btncol_texto":"\u00bfQUIERES CONOCERNOS?","btncol_url":"https:\/\/www.eclass.com\/pe\/sobre-eclass\/","btncol_icono":"","btncol_outline":true,"btn_modal":"","btn_descarga":""}],"columna_invertir":false},"btn_descarga":"    <div id=\"form-contacto\" class=\"form-eclass form-contacto\"><\/div>\r\n    <script>\r\n        window.addEventListener('load', function() {\r\n            eClassForm.create({\r\n                form: {\r\n                    id: \"form-contacto\"\r\n                },\r\n                data: {\r\n                    type: \"contacto\",\r\n                    planilla: \"7992\",\r\n                    institucion: \"SITIO WEB\",\r\n                    adicional: $('title').text() + ' ' + location.href\r\n                },\r\n                target: \".form-contacto\"\r\n            });\r\n        });\r\n    <\/script>","contenido4":{"columna_contenido":false,"columna_invertir":false}},"_links":{"self":[{"href":"https:\/\/www.eclass.com\/pe\/wp-json\/wp\/v2\/pages\/156","targetHints":{"allow":["GET"]}}],"collection":[{"href":"https:\/\/www.eclass.com\/pe\/wp-json\/wp\/v2\/pages"}],"about":[{"href":"https:\/\/www.eclass.com\/pe\/wp-json\/wp\/v2\/types\/page"}],"author":[{"embeddable":true,"href":"https:\/\/www.eclass.com\/pe\/wp-json\/wp\/v2\/users\/2"}],"replies":[{"embeddable":true,"href":"https:\/\/www.eclass.com\/pe\/wp-json\/wp\/v2\/comments?post=156"}],"version-history":[{"count":3,"href":"https:\/\/www.eclass.com\/pe\/wp-json\/wp\/v2\/pages\/156\/revisions"}],"predecessor-version":[{"id":1520,"href":"https:\/\/www.eclass.com\/pe\/wp-json\/wp\/v2\/pages\/156\/revisions\/1520"}],"wp:attachment":[{"href":"https:\/\/www.eclass.com\/pe\/wp-json\/wp\/v2\/media?parent=156"}],"curies":[{"name":"wp","href":"https:\/\/api.w.org\/{rel}","templated":true}]}}