{"id":610,"date":"2019-01-22T14:12:35","date_gmt":"2019-01-22T14:12:35","guid":{"rendered":"http:\/\/www.eclass.com\/co\/?page_id=610"},"modified":"2022-06-14T16:31:38","modified_gmt":"2022-06-14T16:31:38","slug":"uandes-para-empresas","status":"publish","type":"page","link":"https:\/\/www.eclass.com\/co\/empresas\/programas-certificados\/uandes-para-empresas\/","title":{"rendered":"Universidad de los Andes para empresas"},"content":{"rendered":"","protected":false},"excerpt":{"rendered":"","protected":false},"author":2,"featured_media":0,"parent":541,"menu_order":0,"comment_status":"closed","ping_status":"closed","template":"template-empresas-medida-detalle.php","meta":{"_acf_changed":false,"footnotes":""},"class_list":["post-610","page","type-page","status-publish","hentry"],"acf":{"bi_titulo":"","bi_imagen":527,"bi_logo":2459,"bi_sello":false,"bi_formulario":"","br_ayuda_texto":"<p><strong>CONT\u00c1CTATE<\/strong>CON UNA DIRECTORA COMERCIAL Y AGENDA UNA REUNI\u00d3N <\/br> <strong>corporativo@eclass.com.co<\/strong><\/p>\n","br_ayuda_telefono":"(+571) 523 39 79","br_ayuda_volver":"https:\/\/www.eclass.com\/co\/empresas\/programas-certificados\/","br_btn_ayuda_volver":"block","btn_texto":"\u00a1QUIERO SABER MAS!","btn_url":"","btn_icono":"","btn_outline":true,"btn_modal":"Contacto","btn_descarga":"","tt_texto":"<p>PROGRAMAS SEMIPRESENCIALES<br \/>\n<strong>DE EDUCACI\u00d3N EJECUTIVA, UNIVERSIDAD DE LOS ANDES<\/strong><\/p>\n","texto_centrado":"","tl_titulo":"","tl_descripcion":"","tl_listado":[{"imagen":613,"imagen_api":"","titulo":"","subtitulo":"","texto":"Nuestra metodolog\u00eda flexible permite a tus colaboradores decidir d\u00f3nde y cu\u00e1ndo estudiar a trav\u00e9s de una plataforma de nivel mundial"},{"imagen":611,"imagen_api":"","titulo":"","subtitulo":"","texto":"Conf\u00eda en un Equipo de Servicio especializado en guiar la capacitaci\u00f3n de tus equipos"},{"imagen":612,"imagen_api":"","titulo":"","subtitulo":"","texto":"Accede a contenidos con un marcado enfoque pr\u00e1ctico, y tem\u00e1ticas ajustadas a las necesidades de la empresa"}],"tl_crmobile":true,"team_descripcion_2":"","titulo2":{"tt_texto":"<p>TEM\u00c1TICAS<\/p>\n"},"texto2":{"texto_centrado":"<p>Los cursos pueden cursarse de forma independiente o en programas. <\/p>\n"},"ingles_niveles":false,"titulo3":{"tt_texto":"<p>Consulta por cursos independientes<\/p>\n"},"tabla":false,"tabla_texto_inicio":"","tabla_texto_fin":"","tabla_texto_pequeno":"","tabla_ancho":"","tipo_de_acordeon":false,"acordeon-v":[{"acordeon_titulo":"","contenido_acordeon":[{"titulo":"Programa en Habilidades Gerenciales","texto":"<p><b>Cursos :<\/b><\/p>\n<ul>\n<li>Comunicaci\u00f3n Efectiva<\/li>\n<li>Negociaci\u00f3n<\/li>\n<li>Trabajo en Equipo<\/li>\n<li>Liderazgo<\/li>\n<\/ul>\n","url_boton":"","texto_boton":""},{"titulo":"Programa en Marketing","texto":"<p><b>Cursos :<\/b><\/p>\n<ul>\n<li>Marketing<\/li>\n<li>Comportamiento del Consumidor<\/li>\n<li>Orientaci\u00f3n al Cliente<\/li>\n<li>Desarrollo de Productos<\/li>\n<\/ul>\n","url_boton":"","texto_boton":""},{"titulo":"Programa en Administraci\u00f3n de Retail","texto":"<p><b>Cursos :<\/b><\/p>\n<ul>\n<li>Administraci\u00f3n de Retail<\/li>\n<li>Negociaci\u00f3n<\/li>\n<li>Comportamiento del Consumidor<\/li>\n<li>Log\u00edstica y Control de Inventarios<\/li>\n<\/ul>\n","url_boton":"","texto_boton":""},{"titulo":"Programa en Gesti\u00f3n de Operaciones","texto":"<p><b>Cursos :<\/b><\/p>\n<ul>\n<li>Gesti\u00f3n de Operaciones<\/li>\n<li>Gesti\u00f3n de Procesos<\/li>\n<li>Direcci\u00f3n de Proyectos<\/li>\n<li>Log\u00edstica y Control de Inventarios<\/li>\n<\/ul>\n","url_boton":"","texto_boton":""}],"acordeon_categoria":{"term_id":3,"name":"U. De los Andes","slug":"uniandes","term_group":0,"term_taxonomy_id":3,"taxonomy":"custom_cat_institucion","description":"","parent":0,"count":4,"filter":"raw"}}],"dc_titulo":"","dc_texto":"","dc_boton":{"btn_texto":"","btn_url":"","btn_icono":"","btn_outline":true,"btn_modal":"","btn_descarga":""},"item_info":false,"bs_titulo":"","bs_url":"","bs_texto":"","bs_descripcion":"","ir_mobile":1689,"ir_desktop":1690,"ir_circulo":"<p>METODOLOG\u00cdA SEMIPRESENCIAL<\/p>\n","titulo4":{"tt_texto":""},"vi_iframe":"","vi_titulo":"","vi_logo":false,"bi_formulario_mobile":"","bi_logo_color":false},"_links":{"self":[{"href":"https:\/\/www.eclass.com\/co\/wp-json\/wp\/v2\/pages\/610","targetHints":{"allow":["GET"]}}],"collection":[{"href":"https:\/\/www.eclass.com\/co\/wp-json\/wp\/v2\/pages"}],"about":[{"href":"https:\/\/www.eclass.com\/co\/wp-json\/wp\/v2\/types\/page"}],"author":[{"embeddable":true,"href":"https:\/\/www.eclass.com\/co\/wp-json\/wp\/v2\/users\/2"}],"replies":[{"embeddable":true,"href":"https:\/\/www.eclass.com\/co\/wp-json\/wp\/v2\/comments?post=610"}],"version-history":[{"count":2,"href":"https:\/\/www.eclass.com\/co\/wp-json\/wp\/v2\/pages\/610\/revisions"}],"predecessor-version":[{"id":1687,"href":"https:\/\/www.eclass.com\/co\/wp-json\/wp\/v2\/pages\/610\/revisions\/1687"}],"up":[{"embeddable":true,"href":"https:\/\/www.eclass.com\/co\/wp-json\/wp\/v2\/pages\/541"}],"wp:attachment":[{"href":"https:\/\/www.eclass.com\/co\/wp-json\/wp\/v2\/media?parent=610"}],"curies":[{"name":"wp","href":"https:\/\/api.w.org\/{rel}","templated":true}]}}