{"id":29,"date":"2018-12-20T19:37:18","date_gmt":"2018-12-20T19:37:18","guid":{"rendered":"http:\/\/www.eclass.com\/co\/?page_id=29"},"modified":"2026-02-11T18:54:29","modified_gmt":"2026-02-11T18:54:29","slug":"home","status":"publish","type":"page","link":"https:\/\/www.eclass.com\/co\/","title":{"rendered":"eClass"},"content":{"rendered":"","protected":false},"excerpt":{"rendered":"","protected":false},"author":1,"featured_media":0,"parent":0,"menu_order":0,"comment_status":"closed","ping_status":"closed","template":"template-home-2023.php","meta":{"_acf_changed":false,"footnotes":""},"class_list":["post-29","page","type-page","status-publish","hentry"],"acf":{"tt_texto":"<p><strong>\u00bfQU\u00c9 QUIERES APRENDER HOY?<\/strong> DESAF\u00cdATE A ESTUDIAR LO QUE NECESITAS<\/p>\n","titulo2":{"tt_texto":"<p><strong>\u00bfQU\u00c9 TEM\u00c1TICA BUSCAS?<\/strong><\/p>\n"},"titulo3":{"tt_texto":"<p><strong>INSP\u00cdRATE CON NUESTRO BLOG<\/strong><small>ART\u00cdCULOS M\u00c1S RECIENTES<\/small><\/p>\n"},"bh_imagen":"https:\/\/www.eclass.com\/co\/wp-content\/uploads\/sites\/4\/2025\/11\/banner-eclass-mobile.jpg","bh_video":"https:\/\/www.eclass.com\/co\/wp-content\/uploads\/sites\/4\/2025\/11\/Banner_ventas.mp4","bh_titulo":"\u00a1NUEVO CURSO GRATIS!<\/br>VENTAS EN INSTAGRAM<\/br> CON APOYO DE LA IA","bh_subtitulo":"Aprende estrategias para atraer nuevos clientes <\/br>en solo 2 horas y 100% online","bh_boton_url":"https:\/\/cursosgratuitos.eclass.com\/ventaseninstagram","bh_boton_texto":"INSCR\u00cdBETE GRATIS AC\u00c1","bh_texto_color":"#ffffff","btn_texto":"Cont\u00e1ctate con nosotros","btn_url":"","btn_icono":"","btn_outline":true,"btn_modal":"Contacto","columna_contenido":[{"acf_fc_layout":"imagen","bg_imagen":[{"imagen":301991},{"imagen":301992},{"imagen":301985},{"imagen":301990},{"imagen":3255}]},{"acf_fc_layout":"texto","titulo":"<p>LA EXPERIENCIA QUE NECESITAS PARA LOGRAR ESE IMPACTO REAL EN TU ORGANIZACI\u00d3N<strong> CONOCE ECLASS CORPORATE<\/strong><\/p>\n","subtitulo":"","texto":"<p><strong>Las personas de tu equipo son el motor que impulsa el \u00e9xito de tu empresa. <\/strong> Enf\u00f3cate en capacitarlos seg\u00fan sus propias necesidades, comprendiendo sus diferentes habilidades y perfiles. <\/br><\/br>En eClass Corporate tenemos 20 a\u00f1os de experiencia entregando capacitaci\u00f3n en m\u00faltiples \u00e1reas. Junto a nuestro equipo, crea un plan de formaci\u00f3n adaptado a tus objetivos organizacionales, aportando bienestar y desarrollo profesional a todos tus colaboradores.<\/p>\n","btncol_texto":"CAPACITACI\u00d3N PARA EMPRESAS","btncol_url":"https:\/\/www.eclass.com\/co\/empresas\/programas-de-capacitacion\/","btncol_icono":"","btncol_outline":true,"btn_modal":"","btn_descarga":"<script type=\"text\/javascript\">hbspt.forms.create({css: \" \",portalId: \"2081942\",formId: \"15997545-9a87-4983-bdc5-6d18edb126f4\",target: \"#form-hubspot-eclass-reunion\",onFormSubmit: function($form) { $('input[name=\"id_planilla\"]').val('0').change(); $('input[name=\"instituci_nes\"]').val('SITIO WEB').change(); $('input[name=\"adicional\"]').val($('title').text()).change(); }});<\/script><div id=\"form-hubspot-eclass-reunion\" class=\"form-hubspot\"><\/div>"}],"columna_invertir":true,"contenido2":{"columna_contenido":false,"columna_invertir":false},"contenido3":{"columna_contenido":[{"acf_fc_layout":"imagen","bg_imagen":[{"imagen":301844}]},{"acf_fc_layout":"texto","titulo":"<p>MEJORA TUS HABILIDADES PROFESIONALES EN 10 D\u00cdAS. <strong>\u00a1DESCARGA LA GU\u00cdA!<\/strong><\/p>\n","subtitulo":"","texto":"<p>En esta gu\u00eda encontrar\u00e1s actividades pr\u00e1cticas para mejorar tus habilidades de: Liderazgo, Comunicaci\u00f3n, Anal\u00edtica y datos para el trabajo y Creaci\u00f3n de redes de contacto y marca personal.<\/p>\n<p><strong>En eClass queremos entregarte nuevas herramientas para tu futuro profesional.<\/strong> Con este contenido aprender\u00e1s, encontrar\u00e1s ejercicios y tendr\u00e1s listas de actividades diarias para seguir el progreso y mantenerte alineado con tus objetivos laborales.<\/p>\n","btncol_texto":"\u00a1DESC\u00c1RGALA GRATIS!","btncol_url":"https:\/\/demo.etechnologies.cl\/Inbound\/GamePlanAcademy\/guia-kit-habilidades-profesionales-academy.pdf","btncol_icono":"","btncol_outline":true,"btn_modal":"","btn_descarga":""},{"acf_fc_layout":"imagen","bg_imagen":[{"imagen":301989},{"imagen":301987},{"imagen":301984},{"imagen":2647},{"imagen":301988},{"imagen":301986}]},{"acf_fc_layout":"texto","titulo":"<p>EN ECLASS TRABAJAMOS CON<\/br><strong>NUESTRO PROP\u00d3SITO EN EL CORAZ\u00d3N<\/strong><\/p>\n","subtitulo":"","texto":"<p>Somos una empresa EdTech que lleva 20 a\u00f1os aportando al mundo de la educaci\u00f3n. En este tiempo nos hemos dado cuenta del <strong>valor que tiene la colaboraci\u00f3n,  horizontalidad y el desarrollo de liderazgos potentes<\/strong> que nos permitan avanzar en los proyectos de forma \u00e1gil y eficiente.<\/br><\/br>Nos llena de orgullo lo que hacemos ya que sabemos que la educaci\u00f3n es uno de los pilares m\u00e1s importantes de la sociedad y trabajamos d\u00eda a d\u00eda para hacer realidad nuestro sue\u00f1o: <strong>ser una alternativa concreta de aprendizaje y actualizaci\u00f3n para quienes lo necesiten.<\/strong><\/p>\n","btncol_texto":"\u00bfQUIERES CONOCERNOS?","btncol_url":"https:\/\/www.eclass.com\/co\/sobre-eclass-co\/","btncol_icono":"","btncol_outline":true,"btn_modal":"","btn_descarga":""}],"columna_invertir":false},"li_institucion":[{"logo":495,"nombre":"PROGRAMAS EXECUTIVE EDUCATION","descripcion":"Universidad de los Andes en alianza con eClass","enlace":"https:\/\/www.eclass.com\/co\/institucion\/uniandes\/","categoria":{"term_id":3,"name":"U. De los Andes","slug":"uniandes","term_group":0,"term_taxonomy_id":3,"taxonomy":"custom_cat_institucion","description":"","parent":0,"count":4,"filter":"raw"}},{"logo":2828,"nombre":"PROGRAMAS DE SALUD","descripcion":"Fundaci\u00f3n Santa Fe de Bogot\u00e1","enlace":"https:\/\/www.eclass.com\/co\/institucion\/fundacion-santa-fe\/","categoria":{"term_id":95,"name":"Fundaci\u00f3n Santa Fe de Bogot\u00e1","slug":"fsfb","term_group":0,"term_taxonomy_id":95,"taxonomy":"custom_cat_institucion","description":"","parent":0,"count":3,"filter":"raw"}},{"logo":302052,"nombre":"PROGRAMAS DE DERECHO","descripcion":"Universidad del Rosario","enlace":"https:\/\/www.eclass.com\/co\/institucion\/universidad-del-rosario\/","categoria":{"term_id":143,"name":"Universidad del Rosario","slug":"universidad-del-rosario","term_group":0,"term_taxonomy_id":143,"taxonomy":"custom_cat_institucion","description":"","parent":0,"count":4,"filter":"raw"}},{"logo":1924,"nombre":"CURSOS DE INGL\u00c9S","descripcion":"Cursos de Ingl\u00e9s 100% Online","enlace":"https:\/\/www.eclass.com\/co\/institucion\/ingles\/","categoria":{"term_id":4,"name":"eClass Academy Ingl\u00e9s","slug":"eclass-academy-ingles","term_group":0,"term_taxonomy_id":4,"taxonomy":"custom_cat_institucion","description":"","parent":0,"count":9,"filter":"raw"}},{"logo":1923,"nombre":"CURSOS GRATUITOS OPEN ECLASS","descripcion":"Cursos gratuitos 100% online","enlace":"https:\/\/www.eclass.com\/co\/institucion\/open-eclass\/","categoria":{"term_id":16,"name":"Open eClass","slug":"open-eclass","term_group":0,"term_taxonomy_id":16,"taxonomy":"custom_cat_institucion","description":"","parent":0,"count":4,"filter":"raw"}}],"li_mas":false,"btn_descarga":"    <div id=\"form-contacto\" class=\"form-eclass form-contacto\"><\/div>\r\n    <script>\r\n        window.addEventListener('load', function() {\r\n            eClassForm.create({\r\n                form: {\r\n                    id: \"form-contacto\"\r\n                },\r\n                data: {\r\n                    type: \"contacto\",\r\n                    planilla: \"7992\",\r\n                    institucion: \"SITIO WEB\",\r\n                    adicional: $('title').text() + ' ' + location.href\r\n                },\r\n                target: \".form-contacto\"\r\n            });\r\n        });\r\n    <\/script>","contenido4":{"columna_contenido":false,"columna_invertir":false}},"_links":{"self":[{"href":"https:\/\/www.eclass.com\/co\/wp-json\/wp\/v2\/pages\/29","targetHints":{"allow":["GET"]}}],"collection":[{"href":"https:\/\/www.eclass.com\/co\/wp-json\/wp\/v2\/pages"}],"about":[{"href":"https:\/\/www.eclass.com\/co\/wp-json\/wp\/v2\/types\/page"}],"author":[{"embeddable":true,"href":"https:\/\/www.eclass.com\/co\/wp-json\/wp\/v2\/users\/1"}],"replies":[{"embeddable":true,"href":"https:\/\/www.eclass.com\/co\/wp-json\/wp\/v2\/comments?post=29"}],"version-history":[{"count":5,"href":"https:\/\/www.eclass.com\/co\/wp-json\/wp\/v2\/pages\/29\/revisions"}],"predecessor-version":[{"id":302240,"href":"https:\/\/www.eclass.com\/co\/wp-json\/wp\/v2\/pages\/29\/revisions\/302240"}],"wp:attachment":[{"href":"https:\/\/www.eclass.com\/co\/wp-json\/wp\/v2\/media?parent=29"}],"curies":[{"name":"wp","href":"https:\/\/api.w.org\/{rel}","templated":true}]}}