{"id":307427,"date":"2025-01-20T15:59:36","date_gmt":"2025-01-20T19:59:36","guid":{"rendered":"https:\/\/www.eclass.com\/cl\/?page_id=307427"},"modified":"2025-01-20T16:00:31","modified_gmt":"2025-01-20T20:00:31","slug":"canal-compliance","status":"publish","type":"page","link":"https:\/\/www.eclass.com\/cl\/canal-compliance\/","title":{"rendered":"Canal de Denuncia"},"content":{"rendered":"<p>En esta secci\u00f3n encontrar\u00e1s el <a href=\"https:\/\/docs.google.com\/forms\/d\/e\/1FAIpQLSdt7B0dmXhwXASt3hnpuRjyLX-I5bPv2HfyCmkiFIKlGpKpgQ\/viewform?usp=sf_link\">formulario para dar a conocer tu denuncia<\/a>.<\/p>\n<p>Para saber m\u00e1s sobre del C\u00f3digo de \u00c9tica y Modelo de Prevenci\u00f3n eClass, <a href=\"https:\/\/www.eclass.com\/cl\/compliance\/\">click aqu\u00ed<\/a><\/p>\n<p>&nbsp;<\/p>\n","protected":false},"excerpt":{"rendered":"<p>En esta secci\u00f3n encontrar\u00e1s el formulario para dar a conocer tu denuncia. Para saber m\u00e1s sobre del C\u00f3digo de \u00c9tica y Modelo de Prevenci\u00f3n eClass, click aqu\u00ed &nbsp;<\/p>\n","protected":false},"author":31,"featured_media":0,"parent":0,"menu_order":0,"comment_status":"closed","ping_status":"closed","template":"politicas.php","meta":{"_acf_changed":false,"footnotes":""},"class_list":["post-307427","page","type-page","status-publish","hentry"],"acf":[],"_links":{"self":[{"href":"https:\/\/www.eclass.com\/cl\/wp-json\/wp\/v2\/pages\/307427","targetHints":{"allow":["GET"]}}],"collection":[{"href":"https:\/\/www.eclass.com\/cl\/wp-json\/wp\/v2\/pages"}],"about":[{"href":"https:\/\/www.eclass.com\/cl\/wp-json\/wp\/v2\/types\/page"}],"author":[{"embeddable":true,"href":"https:\/\/www.eclass.com\/cl\/wp-json\/wp\/v2\/users\/31"}],"replies":[{"embeddable":true,"href":"https:\/\/www.eclass.com\/cl\/wp-json\/wp\/v2\/comments?post=307427"}],"version-history":[{"count":4,"href":"https:\/\/www.eclass.com\/cl\/wp-json\/wp\/v2\/pages\/307427\/revisions"}],"predecessor-version":[{"id":307429,"href":"https:\/\/www.eclass.com\/cl\/wp-json\/wp\/v2\/pages\/307427\/revisions\/307429"}],"wp:attachment":[{"href":"https:\/\/www.eclass.com\/cl\/wp-json\/wp\/v2\/media?parent=307427"}],"curies":[{"name":"wp","href":"https:\/\/api.w.org\/{rel}","templated":true}]}}