{"id":307318,"date":"2025-01-17T09:26:07","date_gmt":"2025-01-17T13:26:07","guid":{"rendered":"https:\/\/www.eclass.com\/cl\/?page_id=307318"},"modified":"2025-01-20T08:05:34","modified_gmt":"2025-01-20T12:05:34","slug":"compliance","status":"publish","type":"page","link":"https:\/\/www.eclass.com\/cl\/compliance\/","title":{"rendered":"Compliance"},"content":{"rendered":"<p>&nbsp;<\/p>\n<h3>1. Manual de Prevenci\u00f3n de Delito<\/h3>\n<p style=\"text-align: left;\">Este manual detalla las pol\u00edticas y procedimientos que eClass implementa para prevenir, detectar y gestionar delitos, promoviendo un entorno \u00e9tico y seguro. Con \u00e9l, reafirmamos nuestro compromiso con el cumplimiento legal y la integridad organizacional. <a href=\"https:\/\/www.eclass.com\/cl\/wp-content\/uploads\/sites\/2\/2025\/01\/Modelo-de-prevencion-de-delitos-eClass.pdf\"><u><strong>Cons\u00faltalo aqu\u00ed<\/strong><\/u><\/a><\/p>\n<h3>2. C\u00f3digo de \u00c9tica y Conducta<\/h3>\n<p style=\"text-align: left;\">Nuestra gu\u00eda para un comportamiento \u00edntegro y respetuoso. Este c\u00f3digo establece los valores de eClass, orientando a colaboradores y socios a actuar con transparencia, promover la inclusi\u00f3n y garantizar un trato justo en cada interacci\u00f3n. <a href=\"https:\/\/www.eclass.com\/cl\/wp-content\/uploads\/sites\/2\/2025\/01\/Codigo-de-Etica-y-Conducta-eClass.pdf\"><u><strong>Cons\u00falalo aqu\u00ed<\/strong><\/u><\/a><\/p>\n","protected":false},"excerpt":{"rendered":"<p>&nbsp; 1. Manual de Prevenci\u00f3n de Delito Este manual detalla las pol\u00edticas y procedimientos que eClass implementa para prevenir, detectar y gestionar delitos, promoviendo un entorno \u00e9tico y seguro. Con \u00e9l, reafirmamos nuestro compromiso con el cumplimiento legal y la integridad organizacional. Cons\u00faltalo aqu\u00ed 2. C\u00f3digo de \u00c9tica y Conducta Nuestra gu\u00eda para un comportamiento &hellip; <a href=\"https:\/\/www.eclass.com\/cl\/compliance\/\">Continued<\/a><\/p>\n","protected":false},"author":31,"featured_media":0,"parent":0,"menu_order":0,"comment_status":"closed","ping_status":"closed","template":"politicas.php","meta":{"_acf_changed":false,"footnotes":""},"class_list":["post-307318","page","type-page","status-publish","hentry"],"acf":[],"_links":{"self":[{"href":"https:\/\/www.eclass.com\/cl\/wp-json\/wp\/v2\/pages\/307318","targetHints":{"allow":["GET"]}}],"collection":[{"href":"https:\/\/www.eclass.com\/cl\/wp-json\/wp\/v2\/pages"}],"about":[{"href":"https:\/\/www.eclass.com\/cl\/wp-json\/wp\/v2\/types\/page"}],"author":[{"embeddable":true,"href":"https:\/\/www.eclass.com\/cl\/wp-json\/wp\/v2\/users\/31"}],"replies":[{"embeddable":true,"href":"https:\/\/www.eclass.com\/cl\/wp-json\/wp\/v2\/comments?post=307318"}],"version-history":[{"count":8,"href":"https:\/\/www.eclass.com\/cl\/wp-json\/wp\/v2\/pages\/307318\/revisions"}],"predecessor-version":[{"id":307422,"href":"https:\/\/www.eclass.com\/cl\/wp-json\/wp\/v2\/pages\/307318\/revisions\/307422"}],"wp:attachment":[{"href":"https:\/\/www.eclass.com\/cl\/wp-json\/wp\/v2\/media?parent=307318"}],"curies":[{"name":"wp","href":"https:\/\/api.w.org\/{rel}","templated":true}]}}