{"id":2055,"date":"2017-12-13T15:19:10","date_gmt":"2017-12-13T15:19:10","guid":{"rendered":"http:\/\/www.eclass.com\/cl\/diplomados\/"},"modified":"2020-09-30T09:09:09","modified_gmt":"2020-09-30T13:09:09","slug":"diplomados","status":"publish","type":"page","link":"https:\/\/www.eclass.com\/cl\/programas-de-estudio\/diplomados\/","title":{"rendered":"Diplomados"},"content":{"rendered":"","protected":false},"excerpt":{"rendered":"","protected":false},"author":1,"featured_media":0,"parent":2049,"menu_order":0,"comment_status":"closed","ping_status":"closed","template":"template-programas.php","meta":{"_acf_changed":false,"footnotes":""},"class_list":["post-2055","page","type-page","status-publish","hentry"],"acf":{"bi_titulo":"<p>Descubre nuestros Diplomados<br \/>\n<strong>desarrollados con contenido de excelencia<\/strong><\/p>\n","bi_imagen":2056,"bi_logo":false,"bi_sello":false,"ad_habilitar":true,"ad_titulo":"","ad_descripcion":"","br_boton_color":"","br_boton_imagen":false,"br_boton_titulo":"","br_boton_url":"","br_boton_texto":"","br_boton_descripcion":"","br_boton_inicio":"","br_boton_valor":"","cursos_listado":[{"titulo":"Diplomado en Finanzas y Control de Gesti\u00f3n","texto":"<p>certificado por eClass Academy<\/p>\n","icono":"","modalidad":"100% Online","inicio":"\u00a1Comienza de inmediato!","valor":"$691.200","enlace_inscripcion":"","enlace_texto":"","btncol_texto":"CONOCE M\u00c1S AQU\u00cd","btncol_url":"https:\/\/www.eclass.com\/cl\/institucion\/eclass-academy-negocios\/diplomados\/diplomado-en-finanzas-y-control-de-gestion","btncol_icono":"","btncol_outline":true,"btn_modal":"","btn_descarga":""},{"titulo":"Diplomado en Direcci\u00f3n Comercial y Ventas","texto":"<p>certificado por Universidad Adolfo Ib\u00e1\u00f1ez<\/p>\n","icono":"","modalidad":"Online","inicio":"Octubre 2020","valor":"$2.000.000","enlace_inscripcion":"","enlace_texto":"","btncol_texto":"CONOCE M\u00c1S AQU\u00cd","btncol_url":"https:\/\/www.eclass.com\/cl\/institucion\/uai-negocios\/diplomados\/diplomado-en-direccion-comercial-y-ventas","btncol_icono":"","btncol_outline":true,"btn_modal":"","btn_descarga":""},{"titulo":"Diplomado en Servicios y Gesti\u00f3n de Clientes","texto":"<p>certificado por Duoc UC<\/p>\n","icono":"","modalidad":"Streaming","inicio":"Noviembre","valor":"$800.000","enlace_inscripcion":"","enlace_texto":"","btncol_texto":"CONOCE M\u00c1S AQU\u00cd","btncol_url":"https:\/\/www.eclass.com\/cl\/institucion\/duoc-uc\/diplomados\/diplomado-en-servicio-y-gestion-de-clientes","btncol_icono":"","btncol_outline":true,"btn_modal":"","btn_descarga":""},{"titulo":"Diplomado en Derecho y Empresa","texto":"<p>certificado por Universidad de Los Andes<\/p>\n","icono":"","modalidad":"Semipresencial o 100% Online","inicio":"2 de Noviembre","valor":"$1.894.000","enlace_inscripcion":"","enlace_texto":"","btncol_texto":"CONOCE M\u00c1S AQU\u00cd","btncol_url":"https:\/\/www.eclass.com\/cl\/institucion\/uandes-derecho\/diplomados\/diplomado-en-derecho-y-empresa","btncol_icono":"","btncol_outline":true,"btn_modal":"","btn_descarga":""}],"cursos_centrar":false,"tt_texto":"<p><strong>\u00bfQU\u00c9 TE GUSTAR\u00cdA ESTUDIAR?<\/strong><\/p>\n","titulo2":{"tt_texto":"<p>DIPLOMADOS <strong>EN LAS \u00c1REAS DE<\/strong><\/p>\n"},"bi_formulario":"<script type=\"text\/javascript\">hbspt.forms.create({css: \" \",portalId: \"2081942\",formId: \"f9393f67-ef1c-41cf-91e1-0454be666aa6\",target: \"#form-hubspot-eclass-contacto\",onFormSubmit: function($form) { $('input[name=\"id_planilla\"]').val('7992').change(); $('input[name=\"instituci_nes\"]').val('SITIO WEB').change(); $('input[name=\"adicional\"]').val($('title').text()).change(); }});<\/script><div id=\"form-hubspot-eclass-contacto\" class=\"form-hubspot\"><\/div>","bi_formulario_mobile":""},"_links":{"self":[{"href":"https:\/\/www.eclass.com\/cl\/wp-json\/wp\/v2\/pages\/2055","targetHints":{"allow":["GET"]}}],"collection":[{"href":"https:\/\/www.eclass.com\/cl\/wp-json\/wp\/v2\/pages"}],"about":[{"href":"https:\/\/www.eclass.com\/cl\/wp-json\/wp\/v2\/types\/page"}],"author":[{"embeddable":true,"href":"https:\/\/www.eclass.com\/cl\/wp-json\/wp\/v2\/users\/1"}],"replies":[{"embeddable":true,"href":"https:\/\/www.eclass.com\/cl\/wp-json\/wp\/v2\/comments?post=2055"}],"version-history":[{"count":2,"href":"https:\/\/www.eclass.com\/cl\/wp-json\/wp\/v2\/pages\/2055\/revisions"}],"predecessor-version":[{"id":296554,"href":"https:\/\/www.eclass.com\/cl\/wp-json\/wp\/v2\/pages\/2055\/revisions\/296554"}],"up":[{"embeddable":true,"href":"https:\/\/www.eclass.com\/cl\/wp-json\/wp\/v2\/pages\/2049"}],"wp:attachment":[{"href":"https:\/\/www.eclass.com\/cl\/wp-json\/wp\/v2\/media?parent=2055"}],"curies":[{"name":"wp","href":"https:\/\/api.w.org\/{rel}","templated":true}]}}