{"id":2052,"date":"2017-12-13T15:18:50","date_gmt":"2017-12-13T15:18:50","guid":{"rendered":"http:\/\/www.eclass.com\/cl\/cursos\/"},"modified":"2020-09-30T09:10:39","modified_gmt":"2020-09-30T13:10:39","slug":"cursos","status":"publish","type":"page","link":"https:\/\/www.eclass.com\/cl\/programas-de-estudio\/cursos\/","title":{"rendered":"Cursos"},"content":{"rendered":"","protected":false},"excerpt":{"rendered":"","protected":false},"author":1,"featured_media":0,"parent":2049,"menu_order":0,"comment_status":"closed","ping_status":"closed","template":"template-programas.php","meta":{"_acf_changed":false,"footnotes":""},"class_list":["post-2052","page","type-page","status-publish","hentry"],"acf":{"bi_titulo":"<p>Conoce nuestra completa oferta de<br \/>\n<strong>cursos en diversas \u00e1reas<\/strong><\/p>\n","bi_imagen":10534,"bi_logo":false,"bi_sello":false,"br_boton_color":"#adadad","br_boton_imagen":296556,"br_boton_titulo":"<p><strong>DIPOMADO EN GESTI\u00d3N \u00c1GIL DE PROYECTOS<\/strong><\/p>\n","br_boton_url":"https:\/\/www.eclass.com\/cl\/institucion\/eclass-academy-negocios\/diplomados\/diplomado-en-gestion-agil-de-proyectos","br_boton_texto":"CONOCE M\u00c1S","br_boton_descripcion":"\u00bfQuieres mejorar la productividad ante un proyecto? Conoce nuevas formas de trabajo con la metodolog\u00eda \u00e1gil, la cual es fundamental para la innovaci\u00f3n en cualquier empresa","br_boton_inicio":"\u00a1Comienza a estudiar ahora!","br_boton_valor":"$691.200","tt_texto":"<p><strong>\u00bfQU\u00c9 TE GUSTAR\u00cdA ESTUDIAR?<\/strong><\/p>\n","ad_habilitar":true,"ad_titulo":"Elige seg\u00fan tu \u00e1rea de inter\u00e9s el pr\u00f3ximo curso que vas a estudiar","ad_descripcion":"","cursos_listado":[{"titulo":"T\u00e9cnicas de Prevenci\u00f3n del Estr\u00e9s","texto":"<p>Conoce una serie de estrategias positivas para una mejor calidad de vida.<\/p>\n","icono":"","modalidad":"100% Online","inicio":"\u00a1Comienza de inmediato!","valor":"$192.000","enlace_inscripcion":"","enlace_texto":"","btncol_texto":"CONOCE M\u00c1S AQU\u00cd","btncol_url":"https:\/\/www.eclass.com\/cl\/institucion\/eclass-academy-negocios\/cursos\/tecnicas-de-prevencion-del-estres","btncol_icono":"","btncol_outline":true,"btn_modal":"","btn_descarga":""},{"titulo":"Experiencia del Cliente","texto":"<p>Conoce modelos y herramientas para desarrollar una gesti\u00f3n realmente orientada a los clientes, a trav\u00e9s del dise\u00f1o de un estilo distintivo de servicio<\/p>\n","icono":"","modalidad":"Online","inicio":"Octubre 2020","valor":"$562.500","enlace_inscripcion":"","enlace_texto":"","btncol_texto":"CONOCE M\u00c1S AQU\u00cd","btncol_url":"https:\/\/www.eclass.com\/cl\/institucion\/uai-negocios\/cursos\/experiencia-del-cliente","btncol_icono":"","btncol_outline":true,"btn_modal":"","btn_descarga":""},{"titulo":"T\u00e9cnicas para gesti\u00f3n de servicio","texto":"<p>Aprende sobre t\u00e9cnicas de gesti\u00f3n para agregar valor y controlar eficazmente tus servicios, centr\u00e1ndote en la calidad y fidelizaci\u00f3n de tus clientes.<\/p>\n","icono":"","modalidad":"Streaming","inicio":"Noviembre","valor":"$240.000","enlace_inscripcion":"","enlace_texto":"","btncol_texto":"CONOCE M\u00c1S AQU\u00cd","btncol_url":"https:\/\/www.eclass.com\/cl\/institucion\/duoc-uc\/cursos\/tecnicas-para-gestion-de-servicio","btncol_icono":"","btncol_outline":true,"btn_modal":"","btn_descarga":""},{"titulo":"Derecho del consumidor y empresa  ","texto":"<p>Este curso revisa el derecho del consumidor, para ello se abordar\u00e1n los procesos individuales, colectivos y administrativos y sus diversas reformas. Adem\u00e1s, se efectuar\u00e1 un an\u00e1lisis de la introducci\u00f3n de mecanismos alternativos de soluci\u00f3n de conflictos y su eficacia.<\/p>\n","icono":"","modalidad":"Semipresencial o 100% Online","inicio":"2 de Noviembre","valor":"$400.000","enlace_inscripcion":"","enlace_texto":"","btncol_texto":"CONOCE M\u00c1S AQU\u00cd","btncol_url":"https:\/\/www.eclass.com\/cl\/institucion\/uandes-derecho\/cursos\/derecho-del-consumidor-y-empresa","btncol_icono":"","btncol_outline":true,"btn_modal":"","btn_descarga":""}],"titulo2":{"tt_texto":"<p><strong>CURSOS<\/strong><br \/>\nEN LAS \u00c1REAS DE<\/p>\n"},"cursos_centrar":true,"bi_formulario":"<script type=\"text\/javascript\">hbspt.forms.create({css: \" \",portalId: \"2081942\",formId: \"f9393f67-ef1c-41cf-91e1-0454be666aa6\",target: \"#form-hubspot-eclass-contacto\",onFormSubmit: function($form) { $('input[name=\"id_planilla\"]').val('7992').change(); $('input[name=\"instituci_nes\"]').val('SITIO WEB').change(); $('input[name=\"adicional\"]').val($('title').text()).change(); }});<\/script><div id=\"form-hubspot-eclass-contacto\" class=\"form-hubspot\"><\/div>","bi_formulario_mobile":""},"_links":{"self":[{"href":"https:\/\/www.eclass.com\/cl\/wp-json\/wp\/v2\/pages\/2052","targetHints":{"allow":["GET"]}}],"collection":[{"href":"https:\/\/www.eclass.com\/cl\/wp-json\/wp\/v2\/pages"}],"about":[{"href":"https:\/\/www.eclass.com\/cl\/wp-json\/wp\/v2\/types\/page"}],"author":[{"embeddable":true,"href":"https:\/\/www.eclass.com\/cl\/wp-json\/wp\/v2\/users\/1"}],"replies":[{"embeddable":true,"href":"https:\/\/www.eclass.com\/cl\/wp-json\/wp\/v2\/comments?post=2052"}],"version-history":[{"count":2,"href":"https:\/\/www.eclass.com\/cl\/wp-json\/wp\/v2\/pages\/2052\/revisions"}],"predecessor-version":[{"id":296457,"href":"https:\/\/www.eclass.com\/cl\/wp-json\/wp\/v2\/pages\/2052\/revisions\/296457"}],"up":[{"embeddable":true,"href":"https:\/\/www.eclass.com\/cl\/wp-json\/wp\/v2\/pages\/2049"}],"wp:attachment":[{"href":"https:\/\/www.eclass.com\/cl\/wp-json\/wp\/v2\/media?parent=2052"}],"curies":[{"name":"wp","href":"https:\/\/api.w.org\/{rel}","templated":true}]}}