{"id":2049,"date":"2017-10-24T14:56:14","date_gmt":"2017-10-24T14:56:14","guid":{"rendered":"http:\/\/www.eclass.com\/cl\/programas-de-estudio\/"},"modified":"2018-09-29T11:32:46","modified_gmt":"2018-09-29T15:32:46","slug":"programas-de-estudio","status":"publish","type":"page","link":"https:\/\/www.eclass.com\/cl\/programas-de-estudio\/","title":{"rendered":"Programas de estudio"},"content":{"rendered":"","protected":false},"excerpt":{"rendered":"","protected":false},"author":1,"featured_media":0,"parent":0,"menu_order":0,"comment_status":"closed","ping_status":"closed","template":"template-programas.php","meta":{"_acf_changed":false,"footnotes":""},"class_list":["post-2049","page","type-page","status-publish","hentry"],"acf":{"bi_titulo":"<p>Descubre lo que quieres estudiar hoy<br \/>\n<strong>con el mejor contenido y tecnolog\u00eda<\/strong><\/p>\n","bi_imagen":76919,"bi_logo":false,"bi_sello":false,"ad_habilitar":true,"ad_titulo":"","ad_descripcion":"","br_boton_color":"#dd9933","br_boton_imagen":2172,"br_boton_titulo":"<p>CONOCE NUESTRO <strong>CURSO DE INGL\u00c9S<\/strong><br \/>\nCON CLASES EN VIVO<\/p>\n","br_boton_url":"https:\/\/www.eclass.com\/cl\/institucion\/ingles\/","br_boton_texto":"CON\u00d3CELO AQU\u00cd","br_boton_descripcion":"Realiza tus clases y ejercicios online y practica cada semana con tu profesor particular en l\u00ednea aplicando lo aprendido.<br \/>\r\n<br \/>\r\n","br_boton_inicio":"","br_boton_valor":"","cursos_listado":[{"titulo":"T\u00e9cnicas de Comunicaci\u00f3n Efectiva","texto":"<p>Con eClass adquiere habilidades comunicacionales que te permitan obtener y brindar mejores resultados tanto en el entorno social como en un ambiente laboral<\/p>\n","icono":"","modalidad":"ONLINE","inicio":"Noviembre 2018","valor":"$186.000","enlace_inscripcion":"","enlace_texto":"","btncol_texto":"CONOCE M\u00c1S AQU\u00cd","btncol_url":"https:\/\/www.eclass.com\/cl\/institucion\/eclass-especializacion\/cursos\/tecnicas-de-comunicacion-efectiva","btncol_icono":"","btncol_outline":true,"btn_modal":"","btn_descarga":""},{"titulo":"Herramientas de Gesti\u00f3n Presupuestaria y Contabilidad","texto":"<p>Con DuocUC aprende sobre herramientas de gesti\u00f3n contable, para as\u00ed controlar eficientemente los recursos disponibles y tomar decisiones \u00f3ptimas para tu empresa<\/p>\n","icono":"","modalidad":"ONLINE \/ SEMIPRESENCIAL","inicio":"Octubre 2018","valor":"$200.000","enlace_inscripcion":"","enlace_texto":"","btncol_texto":"CONOCE M\u00c1S AQU\u00cd","btncol_url":"https:\/\/www.eclass.com\/cl\/institucion\/duoc-uc\/cursos\/herramientas-de-gestion-presupuestaria-y-contabilidad","btncol_icono":"","btncol_outline":true,"btn_modal":"","btn_descarga":""},{"titulo":"Liderazgo en Seguridad y en la Operaci\u00f3n","texto":"<p>Con Mutual Capacitaci\u00f3n aprende a estimular y fortalecer el liderazgo en seguridad dentro de tus equipos de trabajo, a trav\u00e9s de la comunicaci\u00f3n y la influencia positiva<\/p>\n","icono":"","modalidad":"ONLINE","inicio":"Noviembre 2018","valor":"$125.000","enlace_inscripcion":"","enlace_texto":"","btncol_texto":"CONOCE M\u00c1S AQU\u00cd","btncol_url":"https:\/\/www.eclass.com\/cl\/institucion\/mutual-capacitacion\/cursos\/liderazgo-en-seguridad-y-en-la-operacion","btncol_icono":"","btncol_outline":true,"btn_modal":"","btn_descarga":""}],"cursos_centrar":true,"tt_texto":"<p><strong>\u00bfQU\u00c9 QUIERES ESTUDIAR?<\/strong><\/p>\n","titulo2":{"tt_texto":"<p>DIPLOMADOS POR \u00c1REA DE INTER\u00c9S<\/p>\n"},"bi_formulario":"<script>\r\n\u00a0 hbspt.forms.create({\r\n\tcss: \" \",\r\n\tportalId: \"2081942\",\r\n\tformId: \"df402112-c768-42f9-abb5-7e22a2176849\",\r\n\ttarget: \"#form-hubspot-eclass-contacto\"\r\n});\r\n<\/script>\r\n\r\n<div id=\"form-hubspot-eclass-contacto\" class=\"form-hubspot\"><\/div>"},"_links":{"self":[{"href":"https:\/\/www.eclass.com\/cl\/wp-json\/wp\/v2\/pages\/2049","targetHints":{"allow":["GET"]}}],"collection":[{"href":"https:\/\/www.eclass.com\/cl\/wp-json\/wp\/v2\/pages"}],"about":[{"href":"https:\/\/www.eclass.com\/cl\/wp-json\/wp\/v2\/types\/page"}],"author":[{"embeddable":true,"href":"https:\/\/www.eclass.com\/cl\/wp-json\/wp\/v2\/users\/1"}],"replies":[{"embeddable":true,"href":"https:\/\/www.eclass.com\/cl\/wp-json\/wp\/v2\/comments?post=2049"}],"version-history":[{"count":0,"href":"https:\/\/www.eclass.com\/cl\/wp-json\/wp\/v2\/pages\/2049\/revisions"}],"wp:attachment":[{"href":"https:\/\/www.eclass.com\/cl\/wp-json\/wp\/v2\/media?parent=2049"}],"curies":[{"name":"wp","href":"https:\/\/api.w.org\/{rel}","templated":true}]}}